{"id":426,"date":"2026-03-13T14:26:02","date_gmt":"2026-03-13T14:26:02","guid":{"rendered":"https:\/\/cooperarts.ind.br\/2026\/?page_id=426"},"modified":"2026-04-02T17:50:21","modified_gmt":"2026-04-02T17:50:21","slug":"soluciones","status":"publish","type":"page","link":"https:\/\/cooperarts.ind.br\/es\/solucoes\/","title":{"rendered":"Soluciones"},"content":{"rendered":"<div data-elementor-type=\"wp-page\" data-elementor-id=\"426\" class=\"elementor elementor-426\" data-elementor-post-type=\"page\">\n\t\t\t\t<div class=\"elementor-element elementor-element-1d825a48 e-flex e-con-boxed e-con e-parent\" data-id=\"1d825a48\" data-element_type=\"container\" data-e-type=\"container\" data-settings=\"{&quot;background_background&quot;:&quot;classic&quot;}\">\n\t\t\t\t\t<div class=\"e-con-inner\">\n\t\t<div class=\"elementor-element elementor-element-78cd0f7c e-con-full e-flex e-con e-child\" data-id=\"78cd0f7c\" data-element_type=\"container\" data-e-type=\"container\">\n\t\t<div class=\"elementor-element elementor-element-189e1bd8 e-con-full e-flex e-con e-child\" data-id=\"189e1bd8\" data-element_type=\"container\" data-e-type=\"container\">\n\t\t<div class=\"elementor-element elementor-element-15c05cde e-con-full e-flex e-con e-child\" data-id=\"15c05cde\" data-element_type=\"container\" data-e-type=\"container\">\n\t\t\t\t<div class=\"elementor-element elementor-element-6cc3de56 elementor-widget__width-auto elementor-invisible elementor-widget elementor-widget-heading\" data-id=\"6cc3de56\" data-element_type=\"widget\" data-e-type=\"widget\" data-settings=\"{&quot;_animation&quot;:&quot;fadeInLeft&quot;}\" data-widget_type=\"heading.default\">\n\t\t\t\t<div class=\"elementor-widget-container\">\n\t\t\t\t\t<h1 class=\"elementor-heading-title elementor-size-default\">Lo que hacemos<\/h1>\t\t\t\t<\/div>\n\t\t\t\t<\/div>\n\t\t\t\t<div class=\"elementor-element elementor-element-78b4a0c2 elementor-invisible elementor-widget elementor-widget-elementskit-heading\" data-id=\"78b4a0c2\" data-element_type=\"widget\" data-e-type=\"widget\" data-settings=\"{&quot;_animation&quot;:&quot;fadeInLeft&quot;,&quot;_animation_delay&quot;:200}\" data-widget_type=\"elementskit-heading.default\">\n\t\t\t\t<div class=\"elementor-widget-container\">\n\t\t\t\t\t<div class=\"ekit-wid-con\" ><div class=\"ekit-heading elementskit-section-title-wraper text_left   ekit_heading_tablet-   ekit_heading_mobile-\"><h3 class=\"ekit-heading--title elementskit-section-title text_fill\">Ofrecemos soluciones de se\u00f1alizaci\u00f3n y comunicaci\u00f3n visual a medida para diversos sectores.<\/h3><\/div><\/div>\t\t\t\t<\/div>\n\t\t\t\t<\/div>\n\t\t\t\t<\/div>\n\t\t<div class=\"elementor-element elementor-element-62d61a6d e-con-full e-flex e-con e-child\" data-id=\"62d61a6d\" data-element_type=\"container\" data-e-type=\"container\">\n\t\t\t\t<div class=\"elementor-element elementor-element-52647566 elementor-invisible elementor-widget elementor-widget-text-editor\" data-id=\"52647566\" data-element_type=\"widget\" data-e-type=\"widget\" data-settings=\"{&quot;_animation&quot;:&quot;fadeInLeft&quot;,&quot;_animation_delay&quot;:400}\" data-widget_type=\"text-editor.default\">\n\t\t\t\t<div class=\"elementor-widget-container\">\n\t\t\t\t\t\t\t\t\t<p>Soluciones de se\u00f1alizaci\u00f3n y comunicaci\u00f3n visual dise\u00f1adas para organizar, orientar y proteger a las personas en entornos industriales, comerciales y corporativos.<\/p>\t\t\t\t\t\t\t\t<\/div>\n\t\t\t\t<\/div>\n\t\t\t\t<\/div>\n\t\t\t\t<\/div>\n\t\t\t\t<\/div>\n\t\t<div class=\"elementor-element elementor-element-15cc7dff e-con-full e-flex e-con e-child\" data-id=\"15cc7dff\" data-element_type=\"container\" data-e-type=\"container\">\n\t\t<div class=\"elementor-element elementor-element-63b14a06 e-con-full e-flex e-con e-child\" data-id=\"63b14a06\" data-element_type=\"container\" data-e-type=\"container\">\n\t\t<div class=\"elementor-element elementor-element-13e6b511 e-con-full e-flex e-con e-child\" data-id=\"13e6b511\" data-element_type=\"container\" data-e-type=\"container\">\n\t\t<div class=\"elementor-element elementor-element-5bf0a0d9 e-con-full e-flex e-con e-child\" data-id=\"5bf0a0d9\" data-element_type=\"container\" data-e-type=\"container\">\n\t\t<div class=\"elementor-element elementor-element-71530e02 e-con-full e-flex e-con e-child\" data-id=\"71530e02\" data-element_type=\"container\" data-e-type=\"container\">\n\t\t\t\t<div class=\"elementor-element elementor-element-4da9d0b4 ekit-equal-height-disable elementor-invisible elementor-widget elementor-widget-elementskit-icon-box\" data-id=\"4da9d0b4\" data-element_type=\"widget\" data-e-type=\"widget\" data-settings=\"{&quot;_animation&quot;:&quot;fadeInLeft&quot;}\" data-widget_type=\"elementskit-icon-box.default\">\n\t\t\t\t<div class=\"elementor-widget-container\">\n\t\t\t\t\t<div class=\"ekit-wid-con\" >        <!-- link opening -->\n                <!-- end link opening -->\n\n        <div class=\"elementskit-infobox text-left text-left icon-top-align elementor-animation-  gradient-active image-active hover_from_left\">\n                    <div class=\"elementskit-box-header elementor-animation-\">\n                <div class=\"elementskit-info-box-icon\">\n                    <i aria-hidden=\"true\" class=\"elementkit-infobox-icon icon icon-drilling\"><\/i>\n                <\/div>\n          <\/div>\n                        <div class=\"box-body\">\n                            <h3 class=\"elementskit-info-box-title\">\n                    Placas y etiquetas de se\u00f1alizaci\u00f3n                <\/h3>\n                        \t\t  \t<p>Con una estructura de producci\u00f3n moderna, garantizamos agilidad y calidad.<\/p>\n                                        <div class=\"box-footer disable_hover_button\">\n                    <div class=\"btn-wraper\">\n                                                            <a class=\"elementskit-btn whitespace--normal elementor-animation-float\" href=\"https:\/\/cooperarts.ind.br\/es\/placas-etiquetas-de-sinalizacao\/\">\n                                        M\u00e1s informaci\u00f3n                                        <i aria-hidden=\"true\" class=\"icon icon-arrow-right\"><\/i>                                    <\/a>\n                                                        <\/div>\n                <\/div>\n                    <\/div>\n        \n                            \n                <\/div>\n        <\/div>\t\t\t\t<\/div>\n\t\t\t\t<\/div>\n\t\t\t\t<\/div>\n\t\t<div class=\"elementor-element elementor-element-462888c1 e-con-full e-flex e-con e-child\" data-id=\"462888c1\" data-element_type=\"container\" data-e-type=\"container\">\n\t\t\t\t<div class=\"elementor-element elementor-element-724202b3 ekit-equal-height-disable elementor-invisible elementor-widget elementor-widget-elementskit-icon-box\" data-id=\"724202b3\" data-element_type=\"widget\" data-e-type=\"widget\" data-settings=\"{&quot;_animation&quot;:&quot;fadeInLeft&quot;,&quot;_animation_delay&quot;:200}\" data-widget_type=\"elementskit-icon-box.default\">\n\t\t\t\t<div class=\"elementor-widget-container\">\n\t\t\t\t\t<div class=\"ekit-wid-con\" >        <!-- link opening -->\n                <!-- end link opening -->\n\n        <div class=\"elementskit-infobox text-left text-left icon-top-align elementor-animation-  gradient-active image-active hover_from_left\">\n                    <div class=\"elementskit-box-header elementor-animation-\">\n                <div class=\"elementskit-info-box-icon\">\n                    <i aria-hidden=\"true\" class=\"elementkit-infobox-icon icon icon-tools\"><\/i>\n                <\/div>\n          <\/div>\n                        <div class=\"box-body\">\n                            <h3 class=\"elementskit-info-box-title\">\n                    Sistemas de se\u00f1alizaci\u00f3n para l\u00edneas de transmisi\u00f3n el\u00e9ctrica                <\/h3>\n                        \t\t  \t<p>Tecnolog\u00eda y equipos modernos para la producci\u00f3n de placas de se\u00f1alizaci\u00f3n de seguridad.<\/p>\n                                        <div class=\"box-footer disable_hover_button\">\n                    <div class=\"btn-wraper\">\n                                                            <a class=\"elementskit-btn whitespace--normal elementor-animation-float\" href=\"https:\/\/cooperarts.ind.br\/es\/placas-para-sinalizacao-de-linhas-de-transmissao-de-energia\/\">\n                                        M\u00e1s informaci\u00f3n                                        <i aria-hidden=\"true\" class=\"icon icon-arrow-right\"><\/i>                                    <\/a>\n                                                        <\/div>\n                <\/div>\n                    <\/div>\n        \n                            \n                <\/div>\n        <\/div>\t\t\t\t<\/div>\n\t\t\t\t<\/div>\n\t\t\t\t<\/div>\n\t\t\t\t<\/div>\n\t\t\t\t<\/div>\n\t\t<div class=\"elementor-element elementor-element-452408f9 e-con-full e-flex e-con e-child\" data-id=\"452408f9\" data-element_type=\"container\" data-e-type=\"container\">\n\t\t\t\t<div class=\"elementor-element elementor-element-18212849 ekit-equal-height-disable elementor-invisible elementor-widget elementor-widget-elementskit-icon-box\" data-id=\"18212849\" data-element_type=\"widget\" data-e-type=\"widget\" data-settings=\"{&quot;_animation&quot;:&quot;fadeInLeft&quot;,&quot;_animation_delay&quot;:400}\" data-widget_type=\"elementskit-icon-box.default\">\n\t\t\t\t<div class=\"elementor-widget-container\">\n\t\t\t\t\t<div class=\"ekit-wid-con\" >        <!-- link opening -->\n                <!-- end link opening -->\n\n        <div class=\"elementskit-infobox text-left text-left icon-top-align elementor-animation-  gradient-active image-active hover_from_left\">\n                    <div class=\"elementskit-box-header elementor-animation-\">\n                <div class=\"elementskit-info-box-icon\">\n                    <i aria-hidden=\"true\" class=\"elementkit-infobox-icon icon icon-cogwheel\"><\/i>\n                <\/div>\n          <\/div>\n                        <div class=\"box-body\">\n                            <h3 class=\"elementskit-info-box-title\">\n                    Etiquetas en Rollo                <\/h3>\n                        \t\t  \t<p>Soluciones para los sectores de log\u00edstica, productos qu\u00edmicos, confecci\u00f3n y neum\u00e1ticos.<\/p>\n                                        <div class=\"box-footer disable_hover_button\">\n                    <div class=\"btn-wraper\">\n                                                            <a class=\"elementskit-btn whitespace--normal elementor-animation-float\" href=\"https:\/\/cooperarts.ind.br\/es\/etiquetas-en-rollos\/\">\n                                        M\u00e1s informaci\u00f3n                                        <i aria-hidden=\"true\" class=\"icon icon-arrow-right\"><\/i>                                    <\/a>\n                                                        <\/div>\n                <\/div>\n                    <\/div>\n        \n                            \n                <\/div>\n        <\/div>\t\t\t\t<\/div>\n\t\t\t\t<\/div>\n\t\t\t\t<\/div>\n\t\t\t\t<\/div>\n\t\t<div class=\"elementor-element elementor-element-3a84937f e-con-full e-flex e-con e-child\" data-id=\"3a84937f\" data-element_type=\"container\" data-e-type=\"container\">\n\t\t<div class=\"elementor-element elementor-element-74a68a5b e-con-full e-flex e-con e-child\" data-id=\"74a68a5b\" data-element_type=\"container\" data-e-type=\"container\">\n\t\t<div class=\"elementor-element elementor-element-46284faa e-con-full e-flex e-con e-child\" data-id=\"46284faa\" data-element_type=\"container\" data-e-type=\"container\">\n\t\t<div class=\"elementor-element elementor-element-472f39c e-con-full e-flex e-con e-child\" data-id=\"472f39c\" data-element_type=\"container\" data-e-type=\"container\">\n\t\t\t\t<div class=\"elementor-element elementor-element-778dd20d ekit-equal-height-disable elementor-invisible elementor-widget elementor-widget-elementskit-icon-box\" data-id=\"778dd20d\" data-element_type=\"widget\" data-e-type=\"widget\" data-settings=\"{&quot;_animation&quot;:&quot;fadeInLeft&quot;}\" data-widget_type=\"elementskit-icon-box.default\">\n\t\t\t\t<div class=\"elementor-widget-container\">\n\t\t\t\t\t<div class=\"ekit-wid-con\" >        <!-- link opening -->\n                <!-- end link opening -->\n\n        <div class=\"elementskit-infobox text-left text-left icon-top-align elementor-animation-  gradient-active image-active hover_from_left\">\n                    <div class=\"elementskit-box-header elementor-animation-\">\n                <div class=\"elementskit-info-box-icon\">\n                    <i aria-hidden=\"true\" class=\"elementkit-infobox-icon icon icon-factory\"><\/i>\n                <\/div>\n          <\/div>\n                        <div class=\"box-body\">\n                            <h3 class=\"elementskit-info-box-title\">\n                    Etiquetas Patrimoniales                <\/h3>\n                        \t\t  \t<p>Etiquetas personalizadas para adaptarse a las necesidades de su empresa.<\/p>\n                                        <div class=\"box-footer disable_hover_button\">\n                    <div class=\"btn-wraper\">\n                                                            <a class=\"elementskit-btn whitespace--normal elementor-animation-float\" href=\"https:\/\/cooperarts.ind.br\/es\/etiquetas-patrimoniales\/\">\n                                        M\u00e1s informaci\u00f3n                                        <i aria-hidden=\"true\" class=\"icon icon-arrow-right\"><\/i>                                    <\/a>\n                                                        <\/div>\n                <\/div>\n                    <\/div>\n        \n                            \n                <\/div>\n        <\/div>\t\t\t\t<\/div>\n\t\t\t\t<\/div>\n\t\t\t\t<\/div>\n\t\t<div class=\"elementor-element elementor-element-4302bca9 e-con-full e-flex e-con e-child\" data-id=\"4302bca9\" data-element_type=\"container\" data-e-type=\"container\">\n\t\t\t\t<div class=\"elementor-element elementor-element-342f80eb ekit-equal-height-disable elementor-invisible elementor-widget elementor-widget-elementskit-icon-box\" data-id=\"342f80eb\" data-element_type=\"widget\" data-e-type=\"widget\" data-settings=\"{&quot;_animation&quot;:&quot;fadeInLeft&quot;,&quot;_animation_delay&quot;:200}\" data-widget_type=\"elementskit-icon-box.default\">\n\t\t\t\t<div class=\"elementor-widget-container\">\n\t\t\t\t\t<div class=\"ekit-wid-con\" >        <!-- link opening -->\n                <!-- end link opening -->\n\n        <div class=\"elementskit-infobox text-left text-left icon-top-align elementor-animation-  gradient-active image-active hover_from_left\">\n                    <div class=\"elementskit-box-header elementor-animation-\">\n                <div class=\"elementskit-info-box-icon\">\n                    <i aria-hidden=\"true\" class=\"elementkit-infobox-icon icon icon-diamond11\"><\/i>\n                <\/div>\n          <\/div>\n                        <div class=\"box-body\">\n                            <h3 class=\"elementskit-info-box-title\">\n                    Materiales para punto de venta (POS)                <\/h3>\n                        \t\t  \t<p>Producci\u00f3n gr\u00e1fica moderna y personalizada, con eficiencia y calidad.<\/p>\n                                        <div class=\"box-footer disable_hover_button\">\n                    <div class=\"btn-wraper\">\n                                                            <a class=\"elementskit-btn whitespace--normal elementor-animation-float\" href=\"https:\/\/cooperarts.ind.br\/es\/materiais-para-pdv\/\">\n                                        M\u00e1s informaci\u00f3n                                        <i aria-hidden=\"true\" class=\"icon icon-arrow-right\"><\/i>                                    <\/a>\n                                                        <\/div>\n                <\/div>\n                    <\/div>\n        \n                            \n                <\/div>\n        <\/div>\t\t\t\t<\/div>\n\t\t\t\t<\/div>\n\t\t\t\t<\/div>\n\t\t\t\t<\/div>\n\t\t\t\t<\/div>\n\t\t<div class=\"elementor-element elementor-element-2f0e03e1 e-con-full e-flex e-con e-child\" data-id=\"2f0e03e1\" data-element_type=\"container\" data-e-type=\"container\">\n\t\t\t\t<div class=\"elementor-element elementor-element-340ef604 ekit-equal-height-disable elementor-invisible elementor-widget elementor-widget-elementskit-icon-box\" data-id=\"340ef604\" data-element_type=\"widget\" data-e-type=\"widget\" data-settings=\"{&quot;_animation&quot;:&quot;fadeInLeft&quot;,&quot;_animation_delay&quot;:400}\" data-widget_type=\"elementskit-icon-box.default\">\n\t\t\t\t<div class=\"elementor-widget-container\">\n\t\t\t\t\t<div class=\"ekit-wid-con\" >        <!-- link opening -->\n                <!-- end link opening -->\n\n        <div class=\"elementskit-infobox text-left text-left icon-top-align elementor-animation-  gradient-active image-active hover_from_left\">\n                    <div class=\"elementskit-box-header elementor-animation-\">\n                <div class=\"elementskit-info-box-icon\">\n                    <i aria-hidden=\"true\" class=\"elementkit-infobox-icon icon icon-checked1\"><\/i>\n                <\/div>\n          <\/div>\n                        <div class=\"box-body\">\n                            <h3 class=\"elementskit-info-box-title\">\n                    Placas Conmemorativas                <\/h3>\n                        \t\t  \t<p>Soluciones adaptadas a las necesidades espec\u00edficas de cada ocasi\u00f3n o evento.<\/p>\n                                        <div class=\"box-footer disable_hover_button\">\n                    <div class=\"btn-wraper\">\n                                                            <a class=\"elementskit-btn whitespace--normal elementor-animation-float\" href=\"https:\/\/cooperarts.ind.br\/es\/placas-conmemorativas\/\">\n                                        M\u00e1s informaci\u00f3n                                        <i aria-hidden=\"true\" class=\"icon icon-arrow-right\"><\/i>                                    <\/a>\n                                                        <\/div>\n                <\/div>\n                    <\/div>\n        \n                            \n                <\/div>\n        <\/div>\t\t\t\t<\/div>\n\t\t\t\t<\/div>\n\t\t\t\t<\/div>\n\t\t\t\t<\/div>\n\t\t\t\t<\/div>\n\t\t\t\t\t<\/div>\n\t\t\t\t<\/div>\n\t\t\t\t<\/div>","protected":false},"excerpt":{"rendered":"<p>O que fazemos Atendemos diversos setores com solu\u00e7\u00f5es sob medida Comunica\u00e7\u00e3o Visual e Sinaliza\u00e7\u00e3o de Seguran\u00e7a que organiza, orienta e protege pessoas em qualquer ambiente. Placas e Etiquetas de Sinaliza\u00e7\u00e3o Com estrutura moderna, garantimos qualidade r\u00e1pida. Saiba mais Sinaliza\u00e7\u00e3o para linhas de transmiss\u00e3o de energia\u200b Equipamentos modernos para produzir placas seguras Saiba mais Etiquetas em [&hellip;]<\/p>\n","protected":false},"author":1,"featured_media":0,"parent":0,"menu_order":0,"comment_status":"closed","ping_status":"closed","template":"elementor_header_footer","meta":{"footnotes":""},"class_list":["post-426","page","type-page","status-publish","hentry"],"yoast_head":"<!-- This site is optimized with the Yoast SEO Premium plugin v25.2 (Yoast SEO v27.5) - https:\/\/yoast.com\/product\/yoast-seo-premium-wordpress\/ -->\n<title>Solu\u00e7\u00f5es - Cooperarts<\/title>\n<meta name=\"robots\" content=\"index, follow, max-snippet:-1, max-image-preview:large, max-video-preview:-1\" \/>\n<link rel=\"canonical\" href=\"https:\/\/cooperarts.ind.br\/es\/soluciones\/\" \/>\n<meta property=\"og:locale\" content=\"es_ES\" \/>\n<meta property=\"og:type\" content=\"article\" \/>\n<meta property=\"og:title\" content=\"Solu\u00e7\u00f5es\" \/>\n<meta property=\"og:description\" content=\"O que fazemos Atendemos diversos setores com solu\u00e7\u00f5es sob medida Comunica\u00e7\u00e3o Visual e Sinaliza\u00e7\u00e3o de Seguran\u00e7a que organiza, orienta e protege pessoas em qualquer ambiente. Placas e Etiquetas de Sinaliza\u00e7\u00e3o Com estrutura moderna, garantimos qualidade r\u00e1pida. Saiba mais Sinaliza\u00e7\u00e3o para linhas de transmiss\u00e3o de energia\u200b Equipamentos modernos para produzir placas seguras Saiba mais Etiquetas em [&hellip;]\" \/>\n<meta property=\"og:url\" content=\"https:\/\/cooperarts.ind.br\/es\/soluciones\/\" \/>\n<meta property=\"og:site_name\" content=\"Cooperarts\" \/>\n<meta property=\"article:publisher\" content=\"https:\/\/www.facebook.com\/profile.php?id=100084281962791\" \/>\n<meta property=\"article:modified_time\" content=\"2026-04-02T17:50:21+00:00\" \/>\n<meta name=\"twitter:card\" content=\"summary_large_image\" \/>\n<meta name=\"twitter:label1\" content=\"Tiempo de lectura\" \/>\n\t<meta name=\"twitter:data1\" content=\"1 minuto\" \/>\n<script type=\"application\/ld+json\" class=\"yoast-schema-graph\">{\"@context\":\"https:\\\/\\\/schema.org\",\"@graph\":[{\"@type\":\"WebPage\",\"@id\":\"https:\\\/\\\/cooperarts.ind.br\\\/pt\\\/solucoes\\\/\",\"url\":\"https:\\\/\\\/cooperarts.ind.br\\\/pt\\\/solucoes\\\/\",\"name\":\"Solu\u00e7\u00f5es - Cooperarts\",\"isPartOf\":{\"@id\":\"https:\\\/\\\/cooperarts.ind.br\\\/pt\\\/#website\"},\"datePublished\":\"2026-03-13T14:26:02+00:00\",\"dateModified\":\"2026-04-02T17:50:21+00:00\",\"breadcrumb\":{\"@id\":\"https:\\\/\\\/cooperarts.ind.br\\\/pt\\\/solucoes\\\/#breadcrumb\"},\"inLanguage\":\"es\",\"potentialAction\":[{\"@type\":\"ReadAction\",\"target\":[\"https:\\\/\\\/cooperarts.ind.br\\\/pt\\\/solucoes\\\/\"]}]},{\"@type\":\"BreadcrumbList\",\"@id\":\"https:\\\/\\\/cooperarts.ind.br\\\/pt\\\/solucoes\\\/#breadcrumb\",\"itemListElement\":[{\"@type\":\"ListItem\",\"position\":1,\"name\":\"Home\",\"item\":\"https:\\\/\\\/cooperarts.ind.br\\\/pt\\\/\"},{\"@type\":\"ListItem\",\"position\":2,\"name\":\"Solu\u00e7\u00f5es\"}]},{\"@type\":\"WebSite\",\"@id\":\"https:\\\/\\\/cooperarts.ind.br\\\/pt\\\/#website\",\"url\":\"https:\\\/\\\/cooperarts.ind.br\\\/pt\\\/\",\"name\":\"Cooperarts\",\"description\":\"Sinaliza\u00e7\u00e3o de Seguran\u00e7a\",\"publisher\":{\"@id\":\"https:\\\/\\\/cooperarts.ind.br\\\/pt\\\/#organization\"},\"potentialAction\":[{\"@type\":\"SearchAction\",\"target\":{\"@type\":\"EntryPoint\",\"urlTemplate\":\"https:\\\/\\\/cooperarts.ind.br\\\/pt\\\/?s={search_term_string}\"},\"query-input\":{\"@type\":\"PropertyValueSpecification\",\"valueRequired\":true,\"valueName\":\"search_term_string\"}}],\"inLanguage\":\"es\"},{\"@type\":\"Organization\",\"@id\":\"https:\\\/\\\/cooperarts.ind.br\\\/pt\\\/#organization\",\"name\":\"Cooperarts\",\"url\":\"https:\\\/\\\/cooperarts.ind.br\\\/pt\\\/\",\"logo\":{\"@type\":\"ImageObject\",\"inLanguage\":\"es\",\"@id\":\"https:\\\/\\\/cooperarts.ind.br\\\/pt\\\/#\\\/schema\\\/logo\\\/image\\\/\",\"url\":null,\"contentUrl\":null,\"width\":null,\"height\":null,\"caption\":\"Cooperarts\"},\"image\":{\"@id\":\"https:\\\/\\\/cooperarts.ind.br\\\/pt\\\/#\\\/schema\\\/logo\\\/image\\\/\"},\"sameAs\":[\"https:\\\/\\\/www.facebook.com\\\/profile.php?id=100084281962791\",\"https:\\\/\\\/www.instagram.com\\\/cooperartsbr\\\/\",\"https:\\\/\\\/www.linkedin.com\\\/company\\\/cooperarts\\\/?viewAsMember=true\"]}]}<\/script>\n<!-- \/ Yoast SEO Premium plugin. -->","yoast_head_json":{"title":"Soluciones - Cooperarts","robots":{"index":"index","follow":"follow","max-snippet":"max-snippet:-1","max-image-preview":"max-image-preview:large","max-video-preview":"max-video-preview:-1"},"canonical":"https:\/\/cooperarts.ind.br\/es\/soluciones\/","og_locale":"es_ES","og_type":"article","og_title":"Solu\u00e7\u00f5es","og_description":"O que fazemos Atendemos diversos setores com solu\u00e7\u00f5es sob medida Comunica\u00e7\u00e3o Visual e Sinaliza\u00e7\u00e3o de Seguran\u00e7a que organiza, orienta e protege pessoas em qualquer ambiente. Placas e Etiquetas de Sinaliza\u00e7\u00e3o Com estrutura moderna, garantimos qualidade r\u00e1pida. Saiba mais Sinaliza\u00e7\u00e3o para linhas de transmiss\u00e3o de energia\u200b Equipamentos modernos para produzir placas seguras Saiba mais Etiquetas em [&hellip;]","og_url":"https:\/\/cooperarts.ind.br\/es\/soluciones\/","og_site_name":"Cooperarts","article_publisher":"https:\/\/www.facebook.com\/profile.php?id=100084281962791","article_modified_time":"2026-04-02T17:50:21+00:00","twitter_card":"summary_large_image","twitter_misc":{"Tiempo de lectura":"1 minuto"},"schema":{"@context":"https:\/\/schema.org","@graph":[{"@type":"WebPage","@id":"https:\/\/cooperarts.ind.br\/pt\/solucoes\/","url":"https:\/\/cooperarts.ind.br\/pt\/solucoes\/","name":"Soluciones - Cooperarts","isPartOf":{"@id":"https:\/\/cooperarts.ind.br\/pt\/#website"},"datePublished":"2026-03-13T14:26:02+00:00","dateModified":"2026-04-02T17:50:21+00:00","breadcrumb":{"@id":"https:\/\/cooperarts.ind.br\/pt\/solucoes\/#breadcrumb"},"inLanguage":"es","potentialAction":[{"@type":"ReadAction","target":["https:\/\/cooperarts.ind.br\/pt\/solucoes\/"]}]},{"@type":"BreadcrumbList","@id":"https:\/\/cooperarts.ind.br\/pt\/solucoes\/#breadcrumb","itemListElement":[{"@type":"ListItem","position":1,"name":"Home","item":"https:\/\/cooperarts.ind.br\/pt\/"},{"@type":"ListItem","position":2,"name":"Solu\u00e7\u00f5es"}]},{"@type":"WebSite","@id":"https:\/\/cooperarts.ind.br\/pt\/#website","url":"https:\/\/cooperarts.ind.br\/pt\/","name":"Cooperarts","description":"Se\u00f1alizaci\u00f3n de seguridad","publisher":{"@id":"https:\/\/cooperarts.ind.br\/pt\/#organization"},"potentialAction":[{"@type":"SearchAction","target":{"@type":"EntryPoint","urlTemplate":"https:\/\/cooperarts.ind.br\/pt\/?s={search_term_string}"},"query-input":{"@type":"PropertyValueSpecification","valueRequired":true,"valueName":"search_term_string"}}],"inLanguage":"es"},{"@type":"Organization","@id":"https:\/\/cooperarts.ind.br\/pt\/#organization","name":"Cooperarts","url":"https:\/\/cooperarts.ind.br\/pt\/","logo":{"@type":"ImageObject","inLanguage":"es","@id":"https:\/\/cooperarts.ind.br\/pt\/#\/schema\/logo\/image\/","url":null,"contentUrl":null,"width":null,"height":null,"caption":"Cooperarts"},"image":{"@id":"https:\/\/cooperarts.ind.br\/pt\/#\/schema\/logo\/image\/"},"sameAs":["https:\/\/www.facebook.com\/profile.php?id=100084281962791","https:\/\/www.instagram.com\/cooperartsbr\/","https:\/\/www.linkedin.com\/company\/cooperarts\/?viewAsMember=true"]}]}},"_links":{"self":[{"href":"https:\/\/cooperarts.ind.br\/es\/wp-json\/wp\/v2\/pages\/426","targetHints":{"allow":["GET"]}}],"collection":[{"href":"https:\/\/cooperarts.ind.br\/es\/wp-json\/wp\/v2\/pages"}],"about":[{"href":"https:\/\/cooperarts.ind.br\/es\/wp-json\/wp\/v2\/types\/page"}],"author":[{"embeddable":true,"href":"https:\/\/cooperarts.ind.br\/es\/wp-json\/wp\/v2\/users\/1"}],"replies":[{"embeddable":true,"href":"https:\/\/cooperarts.ind.br\/es\/wp-json\/wp\/v2\/comments?post=426"}],"version-history":[{"count":63,"href":"https:\/\/cooperarts.ind.br\/es\/wp-json\/wp\/v2\/pages\/426\/revisions"}],"predecessor-version":[{"id":6306,"href":"https:\/\/cooperarts.ind.br\/es\/wp-json\/wp\/v2\/pages\/426\/revisions\/6306"}],"wp:attachment":[{"href":"https:\/\/cooperarts.ind.br\/es\/wp-json\/wp\/v2\/media?parent=426"}],"curies":[{"name":"wp","href":"https:\/\/api.w.org\/{rel}","templated":true}]}}